{"id":21,"date":"2014-12-06T13:58:53","date_gmt":"2014-12-06T13:58:53","guid":{"rendered":"http:\/\/www.hansenpeter.nl\/?page_id=21"},"modified":"2023-09-14T14:04:13","modified_gmt":"2023-09-14T14:04:13","slug":"home","status":"publish","type":"page","link":"https:\/\/www.hansenpeter.nl\/fr\/home\/","title":{"rendered":"Home&#8230;.. chez nous !"},"content":{"rendered":"<p><\/p>\n<h4>Habiter en France rural&#8230;..<\/h4>\n<p>Depuis le 28 Aout 2007 nous habitions au <strong>Domaine du Bac<\/strong> \u00e0 <strong>Ray-sur-Sa\u00f4ne<\/strong>. Ray se trouve dans le d\u00e9partement Haute-Sa\u00f4ne et en r\u00e9gion Bourgogne-Franche-Comt\u00e9. Cette r\u00e9gion est peut-\u00eatre la moins connue, mais elle est aussi la plus bourguignonne : il y a les meilleurs vins, les meilleurs fromages et la meilleure production biologique.<\/p>\n<p>La Maison du Bac \u00e9tait construite en 1840 comme habitation du passeur, mais elle a \u00e9t\u00e9 r\u00e9nov\u00e9e, agrandie et modernis\u00e9e enti\u00e8rement en 1997. Apr\u00e8s les 60 m\u00e8tres carr\u00e9es que nous avions \u00e0 Amsterdam (priv\u00e9 ET bureau !) la maison de Ray nous donnait 238 m\u00e8tres carr\u00e9es PLUS un jardin g\u00e9ant de 33 ares (au d\u00e9but)\u2026 33 ares voulait dire : du mal aux muscles si on devait tondre, et 5 jours de travail pour enlever les feuilles mortes en automne. En 2013, l\u2019achat de la maison voisine y emportait encore 200 m\u00e8tres carr\u00e9es d\u2019habitation et 17 ares de jardin.<\/p>\n<p>En 2022 nous nous sommes rendus compte que le domaine sera bient\u00f4t trop grand pour l&rsquo;entretenir correctement nous-m\u00eame. Alors on l&rsquo;a mis \u00e0 vendre et en octobre 2022 un contrat de vente a \u00e9t\u00e9 sign\u00e9 avec des nouveaux propri\u00e9taires. Nous n&rsquo;avons pas voulu acheter une maison tout de suite, alors nous avons LOUER un appartement dans la ville de&#8230;. N\u00eemes !<\/p>\n<p>Le <strong>Domaine du Bac<\/strong> \u00e9tait situ\u00e9 sur une butte dans les zones inondables de la <strong>Sa\u00f4ne<\/strong>, environ 150 \u00e0 l\u2019aval de la source de cette rivi\u00e8re. Elle y \u00e9tait encore \u00e9troite et peu profonde, mais en temps de pluie elle pouvait croitre rapidement. Pendant ces crues nous risquions d\u2019\u00eatre coup\u00e9s quand notre chemin d\u2019acc\u00e8s \u00e9tait inond\u00e9.<\/p>\n<p>Si la <strong>Sa\u00f4ne <\/strong>\u00e9tait \u00ab en crue \u00bb (ce qui veut dire que le niveau d\u2019eau \u00e9tait \u00e9lev\u00e9) l\u2019eau venait presque jusqu\u2019\u00e0 notre porte d\u2019entr\u00e9e. Pour \u00eatre s\u00fbr nous avions install\u00e9 des batardeaux, des cloisons en bois avec des couches de caoutchouc, devant toutes les portes de la maison. \u00c7a nous a tenu \u00e0 sec m\u00eame dans les circonstances exceptionnelles.<\/p>\n<p>Il n\u2019y avait pas seulement des d\u00e9savantages pendant qu&rsquo;on habitait dans les zones inondables : la construction y \u00e9tait interdite depuis quelques d\u00e9cades, ce qui voulait dire que nous ne risquions pas d\u2019avoir des lotissements juste \u00e0 c\u00f4t\u00e9. Il y avait aussi une distance importante entre nos maisons et les voisins :\u00a0 le village se trouvait \u00e0 plus de 600 m\u00e8tres.<\/p>\n<p>Si jamais nous aurions eu des doutes sur l\u2019accueil des Raylois, il paraissait que nous devions pas avoir des soucis : ils \u00e9taient gentils, assez lib\u00e9raux, habitu\u00e9s aux \u00e9trangers et (comme tous les campagnards) tr\u00e8s curieux. Nous avons \u00e9t\u00e9 bien re\u00e7us d\u00e8s notre arriv\u00e9e, et nous \u00e9tions amis avec de plus en plus de locaux. Comme partout ailleurs il y avait des gens agr\u00e9ables et moins agr\u00e9ables \u00e0 Ray et comme partout ailleurs on ignorait les derniers et on embrassait les premiers. L\u2019espace qu\u2019on avait disponible faisait qu\u2019il n\u2019y a aucune raison de s\u2019emb\u00eater : l\u2019espace physique donne d\u2019espace psychologique aussi\u2026..<\/p>\n<p>Le jardin du Domaine du Bac bordait la rivi\u00e8re directement, au point kilom\u00e9trique 324 ce qui voulait dire qu\u2019il faut naviguer ce distance jusqu\u2019\u00e0 Lyon o\u00f9 la Sa\u00f4ne d\u00e9bouche dans le Rh\u00f4ne (sans doute vous l\u2019avez vu ; si on part en voiture vers le Midi, le bouchon \u00e0 Lyon se forme devant le tunnel de Fourvi\u00e8re et tout de suite apr\u00e8s le tunnel, l\u2019autoroute croise la Sa\u00f4ne, juste \u00e0 quelques centaines de m\u00e8tres avant son embouchure dans le Rh\u00f4ne). Malgr\u00e9 la largeur modeste de la Sa\u00f4ne proche de chez nous, les p\u00e9niches de petit taille (appel\u00e9s \u00ab Freycinets \u00bb) pouvaient naviguer jusqu&rsquo;\u00e0 l\u00e0-bas ; malheureusement la navigation \u00e9tait de moins en moins fr\u00e9quente gr\u00e2ce \u00e0 un manque d&rsquo;entretien. Des amis d\u2019antant nous rendaient parfois visite, comme le bateau \u00ab Mazzel \u00bb qui \u00e9tait amarr\u00e9 devant notre terrasse \u00e0 cette photo. L\u2019amarrage n&rsquo;\u00e9tait pas facile, mais c\u2019\u00e9tait \u00e0 pr\u00e9f\u00e9rer parce ceci permettait de se rendre \u00e0 bord \u00ab aux quatre pattes \u00bb apr\u00e8s une cuite d\u2019amis\u2026..<\/p>\n<p align=\"JUSTIFY\">.<\/p>\n<div id=\"attachment_55\" style=\"width: 630px\" class=\"wp-caption alignnone\"><a href=\"http:\/\/www.hansenpeter.nl\/wp-content\/uploads\/2014\/12\/211-e1417957097898.jpg\"><img aria-describedby=\"caption-attachment-55\" decoding=\"async\" loading=\"lazy\" class=\"wp-image-55\" src=\"http:\/\/www.hansenpeter.nl\/wp-content\/uploads\/2014\/12\/211-300x168.jpg\" alt=\"Afgemeerd\" width=\"620\" height=\"347\" \/><\/a><p id=\"caption-attachment-55\" class=\"wp-caption-text\">Le \u201cMazzel\u201d a amarr\u00e9 aux soles de notre jardin<em>\u00a0<\/em><\/p><\/div>\n<p>Par la \u00ab butte \u00bb sur laquelle notre maison \u00e9tait situ\u00e9e, les portes se trouvaient \u00e0 presque 200 m dessus le niveau de la mer, juste en dessus le niveau maximal de la rivi\u00e8re. La g\u00e9rance de la Sa\u00f4ne avait \u00e9t\u00e9 am\u00e9lior\u00e9e avec les barrages hydrauliques et un syst\u00e8me informatique moderne. En plus, on draguait la rivi\u00e8re parfois afin de tenir le d\u00e9bit aux normes.<\/p>\n<p><strong>Ray sur Sa\u00f4ne<\/strong> ressemblait le \u00ab Middle of Nowhere \u00bb : en hiver il n\u2019y avait RIEN \u00e0 faire. Nous nous amusions avec des promenades \u2013\u00a0 pas moins de CINQ rivi\u00e8res connues ont leurs sources dans cette r\u00e9gion, alors nous visitions les sources de la Seine, la Marne, la Meuse, la Moselle ou la Sa\u00f4ne. Nous visitions les m\u00e9tropoles Vesoul, Besan\u00e7on ou Dijon. Ou encore mieux : nous nous faisions inviter \u00e0 une des soir\u00e9es : la bonne bouffe ou des spectacles ou de la musique. Le rep\u00e9rage des tous les restaurants locaux suffisait pour remplir des centaines de soir\u00e9es hivernales (et un menu \u00e0 partir de 13 Euros n\u2019y \u00e9tait pas rare !).<\/p>\n<p>D\u00e8s que le soleil faisait son retour en printemps, le pays silencieux et un peu triste autour de nous changeait en paradis de verdures, d\u2019oiseaux et parfois de touristes qui passaient par la rivi\u00e8re. On mangeait dehors, on faisait des barbecues et on faisait la f\u00eate. L\u2019\u00e9t\u00e9 \u00e9tait TR\u00c8S agr\u00e9able l\u00e0-bas, la vie de la Bourgogne. \u00c7a ne vous \u00e9tonnera pas que nous gagnions un peu de poids, lentement\u2026<\/p>\n<p>Mais en 2022, les quinze ann\u00e9es en Bourgogne-Franche-Comt\u00e9 suffisaient. Nous avons pu vendre le Domaine du Bac et nous avons d&rsquo;abord d\u00e9m\u00e9nag\u00e9 \u00e0 la ville de N\u00eemes, o\u00f9 nous avions lou\u00e9 un appartement \u00e0 cinq minutes &#8211; \u00e0 pied &#8211; du centre-ville. Mais quand la ville &#8211; et surtout\u00a0 les\u00a0 voisins !\u00a0 &#8211; devenait\u00a0 trop\u00a0 bruyant,\u00a0 nous\u00a0 avons\u00a0 lou\u00e9\u00a0 une\u00a0 maison\u00a0 \u00e0 Barjac. \u00a0\u00a0 \u00a0<a href=\"http:\/\/www.hansenpeter.nl\/wp-content\/uploads\/2022\/11\/Maison_Carree._Photo_Office_Tourisme_Nimes_O.Maynard-scaled.jpg\"><img decoding=\"async\" loading=\"lazy\" class=\"aligncenter size-full wp-image-1851\" src=\"http:\/\/www.hansenpeter.nl\/wp-content\/uploads\/2022\/11\/Maison_Carree._Photo_Office_Tourisme_Nimes_O.Maynard-scaled.jpg\" alt=\"\" width=\"2560\" height=\"1528\" srcset=\"https:\/\/www.hansenpeter.nl\/wp-content\/uploads\/2022\/11\/Maison_Carree._Photo_Office_Tourisme_Nimes_O.Maynard-scaled.jpg 2560w, https:\/\/www.hansenpeter.nl\/wp-content\/uploads\/2022\/11\/Maison_Carree._Photo_Office_Tourisme_Nimes_O.Maynard-300x179.jpg 300w, https:\/\/www.hansenpeter.nl\/wp-content\/uploads\/2022\/11\/Maison_Carree._Photo_Office_Tourisme_Nimes_O.Maynard-1024x611.jpg 1024w, https:\/\/www.hansenpeter.nl\/wp-content\/uploads\/2022\/11\/Maison_Carree._Photo_Office_Tourisme_Nimes_O.Maynard-768x458.jpg 768w, https:\/\/www.hansenpeter.nl\/wp-content\/uploads\/2022\/11\/Maison_Carree._Photo_Office_Tourisme_Nimes_O.Maynard-1536x917.jpg 1536w, https:\/\/www.hansenpeter.nl\/wp-content\/uploads\/2022\/11\/Maison_Carree._Photo_Office_Tourisme_Nimes_O.Maynard-2048x1223.jpg 2048w, https:\/\/www.hansenpeter.nl\/wp-content\/uploads\/2022\/11\/Maison_Carree._Photo_Office_Tourisme_Nimes_O.Maynard-624x373.jpg 624w\" sizes=\"(max-width: 2560px) 100vw, 2560px\" \/><\/a><\/p>\n<p>&nbsp;<\/p>\n<p>&nbsp;<\/p>\n<p>&nbsp;<\/p>\n<p>&nbsp;<\/p>\n<p align=\"JUSTIFY\">&#8230;..<\/p>\n<p><\/p>","protected":false},"excerpt":{"rendered":"<p>Habiter en France rural&#8230;.. Depuis le 28 Aout 2007 nous habitions au Domaine du Bac \u00e0 Ray-sur-Sa\u00f4ne. Ray se trouve dans le d\u00e9partement Haute-Sa\u00f4ne et en r\u00e9gion Bourgogne-Franche-Comt\u00e9. Cette r\u00e9gion est peut-\u00eatre la moins connue, mais elle est aussi la plus bourguignonne : il y a les meilleurs vins, les meilleurs fromages et la meilleure [&hellip;]<\/p>\n","protected":false},"author":3,"featured_media":0,"parent":0,"menu_order":0,"comment_status":"closed","ping_status":"closed","template":"page-templates\/front-page.php","meta":{"_mc_calendar":[]},"_links":{"self":[{"href":"https:\/\/www.hansenpeter.nl\/fr\/wp-json\/wp\/v2\/pages\/21"}],"collection":[{"href":"https:\/\/www.hansenpeter.nl\/fr\/wp-json\/wp\/v2\/pages"}],"about":[{"href":"https:\/\/www.hansenpeter.nl\/fr\/wp-json\/wp\/v2\/types\/page"}],"author":[{"embeddable":true,"href":"https:\/\/www.hansenpeter.nl\/fr\/wp-json\/wp\/v2\/users\/3"}],"replies":[{"embeddable":true,"href":"https:\/\/www.hansenpeter.nl\/fr\/wp-json\/wp\/v2\/comments?post=21"}],"version-history":[{"count":54,"href":"https:\/\/www.hansenpeter.nl\/fr\/wp-json\/wp\/v2\/pages\/21\/revisions"}],"predecessor-version":[{"id":1891,"href":"https:\/\/www.hansenpeter.nl\/fr\/wp-json\/wp\/v2\/pages\/21\/revisions\/1891"}],"wp:attachment":[{"href":"https:\/\/www.hansenpeter.nl\/fr\/wp-json\/wp\/v2\/media?parent=21"}],"curies":[{"name":"wp","href":"https:\/\/api.w.org\/{rel}","templated":true}]}}