





{"id":1897,"date":"2023-12-10T15:03:50","date_gmt":"2023-12-10T15:03:50","guid":{"rendered":"https:\/\/www.hansenpeter.nl\/?page_id=1897"},"modified":"2025-10-26T13:15:59","modified_gmt":"2025-10-26T13:15:59","slug":"het-domaine-de-la-costette","status":"publish","type":"page","link":"https:\/\/www.hansenpeter.nl\/fr\/het-domaine-de-la-costette\/","title":{"rendered":"Le Domaine de la Costette"},"content":{"rendered":"<p>Nous habitons \u00e0 Barjac (ou plut\u00f4t : juste \u00e0 c\u00f4t\u00e9 de Barjac) dans le d\u00e9partement du Gard (30) dans la r\u00e9gion Occitanie (qui est encore mieux connue sous son ancien nom de Languedoc-Roussillon). Les villes les plus proches sont N\u00eemes, Avignon, Mont\u00e9limar et Aubenas.<\/p>\n\n        <div id=\"map_ol3js_2\"\n       class=\"osm-map-container undefined\"\n             data-map_name=\"undefined\"\n             data-map=\"map_ol3js_2\"\n             data-autoshow=\"one\"\n             style=\"width:100%;\n                    max-width:100%;\n                    height:450px;\n                    display:block;\n                    overflow:hidden;\n                    border:2px solid grey;\">\n          <div id=\"map_ol3js_2_popup\" class=\"ol-popup\">\n            <a href=\"#\" id=\"map_ol3js_2_popup-closer\" class=\"ol-popup-closer\"><\/a>\n            <div id=\"map_ol3js_2_popup-content\"><\/div>\n          <\/div>\n        <\/div>\n    \n\t\t\t\t\t<div id=\"osmLayerSelect\">\n          <h5>Click title to show track<\/h5>\n<span id=\"layerBoxAllmap_ol3js_2\" class=\"layerBoxesAll\" data-map=\"map_ol3js_2\" data-layer-indices=\"0,1,2,3\"><i class=\"fa fa-eye\"><\/i><span class=\"layerColor layerColorAll\"><\/span><span class=\"padding1em\">Show \/ Hide all<\/span><\/span><br \/>\n\n\t\t\t\t\t\t<span id=\"layerBox0map_ol3js_2\" class=\"layerBoxes layerOfmap_ol3js_2\" data-map=\"map_ol3js_2\" data-layer=\"0\" data-active=\"false\" data-layer_title=\"Depuis le dernier rond-point\"><i class=\"fa fa-eye-slash\"><\/i><span class=\"layerColor layerColorHidden\" style=\"background-color:red\"><\/span><span class=\"padding1em\">Depuis le dernier rond-point<\/span><\/span>\n\t\t\t\t\t\t<br \/>\n\n\t\t\t\t\t\t<span id=\"layerBox1map_ol3js_2\" class=\"layerBoxes layerOfmap_ol3js_2\" data-map=\"map_ol3js_2\" data-layer=\"1\" data-active=\"false\" data-layer_title=\"Depuis Bagnols\"><i class=\"fa fa-eye-slash\"><\/i><span class=\"layerColor layerColorHidden\" style=\"background-color:red\"><\/span><span class=\"padding1em\">Depuis Bagnols<\/span><\/span>\n\t\t\t\t\t\t<br \/>\n\n\t\t\t\t\t\t<span id=\"layerBox2map_ol3js_2\" class=\"layerBoxes layerOfmap_ol3js_2\" data-map=\"map_ol3js_2\" data-layer=\"2\" data-active=\"false\" data-layer_title=\"Depuis N\u00eemes\"><i class=\"fa fa-eye-slash\"><\/i><span class=\"layerColor layerColorHidden\" style=\"background-color:red\"><\/span><span class=\"padding1em\">Depuis N\u00eemes<\/span><\/span>\n\t\t\t\t\t\t<br \/>\n\n\t\t\t\t\t\t<span id=\"layerBox3map_ol3js_2\" class=\"layerBoxes layerOfmap_ol3js_2\" data-map=\"map_ol3js_2\" data-layer=\"3\" data-active=\"false\" data-layer_title=\"Depuis Vallon\"><i class=\"fa fa-eye-slash\"><\/i><span class=\"layerColor layerColorHidden\" style=\"background-color:red\"><\/span><span class=\"padding1em\">Depuis Vallon<\/span><\/span>\n\t\t\t\t\t\t<br \/>\n\n\t\t\t\t\t\t<span id=\"layerBox0map_ol3js_2\" class=\"layerBoxes layerOfmap_ol3js_2\" data-map=\"map_ol3js_2\" data-layer=\"0\" data-active=\"false\" data-layer_title=\"Depuis le dernier rond-point\"><\/span>\n\t\t\t\t\t\t<span id=\"layerBox1map_ol3js_2\" class=\"layerBoxes layerOfmap_ol3js_2\" data-map=\"map_ol3js_2\" data-layer=\"1\" data-active=\"false\" data-layer_title=\"Depuis Bagnols\"><\/span>\n\t\t\t\t\t\t<span id=\"layerBox2map_ol3js_2\" class=\"layerBoxes layerOfmap_ol3js_2\" data-map=\"map_ol3js_2\" data-layer=\"2\" data-active=\"false\" data-layer_title=\"Depuis N\u00eemes\"><\/span>\n\t\t\t\t\t\t<span id=\"layerBox3map_ol3js_2\" class=\"layerBoxes layerOfmap_ol3js_2\" data-map=\"map_ol3js_2\" data-layer=\"3\" data-active=\"false\" data-layer_title=\"Depuis Vallon\"><\/span><script type=\"text\/javascript\">\n\t\t\t  vectorM['map_ol3js_2'] = [];\n\t        \n        var raster = getTileLayer(\"osm\",\"NoKey\");\t\t\t\n\n\t\t\t  var map_ol3js_2 = new ol.Map({\n\t\t\t\tinteractions: ol.interaction.defaults.defaults({mouseWheelZoom:false}),\n\t\t\t\tlayers: [raster],\n\t\t\t\ttarget: \"map_ol3js_2\",\n\t\t\t\tview: new ol.View({\n\t\t\t\t  center: ol.proj.transform([4.3494,44.3114], \"EPSG:4326\", \"EPSG:3857\"),\n\t\t\t\t  zoom: 15.0\n\t\t\t\t})\n\t\t\t  });\n\t\t\t  \n    var style_map_ol3js_2_0 = {\n      \"Point\": [new ol.style.Style({\n\n          image: new ol.style.Icon({\n            anchor: [0.5, 41],\n            anchorXUnits: \"fraction\",\n            anchorYUnits: \"pixels\",\n            opacity: 0.75,\n            src: \"https:\/\/www.hansenpeter.nl\/wp-content\/plugins\/osm\/icons\/mic_red_pinother_02.png\"\n          })\n      })],\n\n      \"LineString\": [new ol.style.Style({\n        stroke: new ol.style.Stroke({\n          color: \"red\",\n          width: 8\n        })\n      })],\n      \"MultiLineString\": [new ol.style.Style({\n        stroke: new ol.style.Stroke({\n          color: \"red\",\n          width: 4\n        })\n      })]\n    };\n\t\t\t\tvectorM['map_ol3js_2'][0] = new ol.layer.Vector({\n\t\t\t\t\toptions: {title: \"overlay0\"},\n\t\t\t\t\tsource: new ol.source.Vector({\n\t\t\t\t\t\turl:\"..\/..\/..\/..\/wp-content\/uploads\/Dernier-rond-point-devant-la-maison.kml\",\n\t\t\t\t\t\tformat: new ol.format.KML({ showPointNames: false})\n\t\t\t\t\t}),\n               zIndex: 92\n\t\t\t\t});\n    var style_map_ol3js_2_1 = {\n      \"Point\": [new ol.style.Style({\n\n          image: new ol.style.Icon({\n            anchor: [0.5, 41],\n            anchorXUnits: \"fraction\",\n            anchorYUnits: \"pixels\",\n            opacity: 0.75,\n            src: \"https:\/\/www.hansenpeter.nl\/wp-content\/plugins\/osm\/icons\/mic_red_pinother_02.png\"\n          })\n      })],\n\n      \"LineString\": [new ol.style.Style({\n        stroke: new ol.style.Stroke({\n          color: \"red\",\n          width: 8\n        })\n      })],\n      \"MultiLineString\": [new ol.style.Style({\n        stroke: new ol.style.Stroke({\n          color: \"red\",\n          width: 4\n        })\n      })]\n    };\n\t\t\t\tvectorM['map_ol3js_2'][1] = new ol.layer.Vector({\n\t\t\t\t\toptions: {title: \"overlay1\"},\n\t\t\t\t\tsource: new ol.source.Vector({\n\t\t\t\t\t\turl:\"..\/..\/..\/..\/wp-content\/uploads\/Provenance-Bagnols-Barjac.kml\",\n\t\t\t\t\t\tformat: new ol.format.KML({ showPointNames: false})\n\t\t\t\t\t}),\n               zIndex: 92\n\t\t\t\t});\n    var style_map_ol3js_2_2 = {\n      \"Point\": [new ol.style.Style({\n\n          image: new ol.style.Icon({\n            anchor: [0.5, 41],\n            anchorXUnits: \"fraction\",\n            anchorYUnits: \"pixels\",\n            opacity: 0.75,\n            src: \"https:\/\/www.hansenpeter.nl\/wp-content\/plugins\/osm\/icons\/mic_red_pinother_02.png\"\n          })\n      })],\n\n      \"LineString\": [new ol.style.Style({\n        stroke: new ol.style.Stroke({\n          color: \"red\",\n          width: 8\n        })\n      })],\n      \"MultiLineString\": [new ol.style.Style({\n        stroke: new ol.style.Stroke({\n          color: \"red\",\n          width: 4\n        })\n      })]\n    };\n\t\t\t\tvectorM['map_ol3js_2'][2] = new ol.layer.Vector({\n\t\t\t\t\toptions: {title: \"overlay2\"},\n\t\t\t\t\tsource: new ol.source.Vector({\n\t\t\t\t\t\turl:\"..\/..\/..\/..\/wp-content\/uploads\/Provenance-N\u00eemes-Barjac.kml\",\n\t\t\t\t\t\tformat: new ol.format.KML({ showPointNames: false})\n\t\t\t\t\t}),\n               zIndex: 92\n\t\t\t\t});\n    var style_map_ol3js_2_3 = {\n      \"Point\": [new ol.style.Style({\n\n          image: new ol.style.Icon({\n            anchor: [0.5, 41],\n            anchorXUnits: \"fraction\",\n            anchorYUnits: \"pixels\",\n            opacity: 0.75,\n            src: \"https:\/\/www.hansenpeter.nl\/wp-content\/plugins\/osm\/icons\/mic_red_pinother_02.png\"\n          })\n      })],\n\n      \"LineString\": [new ol.style.Style({\n        stroke: new ol.style.Stroke({\n          color: \"red\",\n          width: 8\n        })\n      })],\n      \"MultiLineString\": [new ol.style.Style({\n        stroke: new ol.style.Stroke({\n          color: \"red\",\n          width: 4\n        })\n      })]\n    };\n\t\t\t\tvectorM['map_ol3js_2'][3] = new ol.layer.Vector({\n\t\t\t\t\toptions: {title: \"overlay3\"},\n\t\t\t\t\tsource: new ol.source.Vector({\n\t\t\t\t\t\turl:\"..\/..\/..\/..\/wp-content\/uploads\/Provenance-Vallon-Barjac.kml\",\n\t\t\t\t\t\tformat: new ol.format.KML({ showPointNames: false})\n\t\t\t\t\t}),\n               zIndex: 92\n\t\t\t\t});addControls2Map(map_ol3js_2,0,0,3,0,5,6,7,0,1);\nosm_addPopupClickhandler(map_ol3js_2,  \"map_ol3js_2\"); \nosm_addMouseHover(map_ol3js_2); <\/script>\n<p>Nous avons lou\u00e9 le g\u00eete que nous occupons pour une dur\u00e9e ind\u00e9termin\u00e9e : apr\u00e8s avoir pass\u00e9 plus d&rsquo;un an dans une location \u00e0 N\u00eemes, nous voulions retrouver le calme et la tranquillit\u00e9 de la campagne. Notre maison \u00e9tait une location touristique, mais les propri\u00e9taires l&rsquo;ont vid\u00e9e de la plupart de ses meubles pour que nous puissions nous y installer. Depuis le 22 novembre 2023, nous y vivons. Nous l&rsquo;avons baptis\u00e9e \u00ab\u00a0Domaine de la Costette\u00a0\u00bb car le quartier o\u00f9 se trouve la maison s&rsquo;appelle \u00ab\u00a0La Costette\u00a0\u00bb.<\/p>\n<p>Cliquez ici pour des <a href=\"https:\/\/photos.app.goo.gl\/fTtghf9TfnTiUrCf6\">photos de La Costette<\/a>.<\/p>\n<p>Notre adresse est 260 chemin de la Filature, 30430 BARJAC. La \u00ab\u00a0filature\u00a0\u00bb est une ancienne usine de soie, qui est encore reconnaissable dans le b\u00e2timent voisin. Le b\u00e2timent date de 1826 et il est class\u00e9. Il appartient toujours aux h\u00e9ritiers de la famille Griolet, et sert encore de maison de week-end, malgr\u00e9 son \u00e9tat de d\u00e9labrement total.<\/p>\n<p>Le Domaine de la Costette se trouve juste assez loin de la route pour ne pas \u00eatre g\u00ean\u00e9 par le bruit, et juste assez pr\u00e8s du centre-ville de Barjac pour s&rsquo;y rendre \u00e0 pied : par un chemin un peu raide on vous atteigne le vieux centre pittoresque, avec un march\u00e9 hebdomadaire, avec ses restaurants et terrasses et magasins et services, surtout en \u00e9t\u00e9.<\/p>\n<p>La Costette se compose de deux caves vo\u00fbt\u00e9es, contre lesquelles est construite une terrasse spacieuse avec cuisine d&rsquo;\u00e9t\u00e9. Au-dessus de ces caves (en raison du risque d&rsquo;inondation, par les fameuses \u00ab\u00a0pluies c\u00e9venoles\u00a0\u00bb), au premier \u00e9tage, le salon, la salle \u00e0 manger, le s\u00e9jour, une chambre et une salle de bains ont \u00e9t\u00e9 construits. Au deuxi\u00e8me \u00e9tage se trouvent trois autres chambres et une salle de bains. Nous utilisons l&rsquo;une de ces chambres comme chambre d&rsquo;amis, avec sa propre douche et ses propres toilettes. L&rsquo;ambiance de La Costette est tout \u00e0 fait diff\u00e9rente de celle de l&rsquo;appartement de N\u00eemes o\u00f9 nous avons v\u00e9cu avant Barjac : c&rsquo;est un b\u00e2timent ancien, voire us\u00e9, mais qui a du caract\u00e8re.<\/p>\n<p>Nous nous sommes install\u00e9s ici \u00e0 la p\u00e9riode la plus froide de l&rsquo;ann\u00e9e, mais nous pouvions d\u00e9j\u00e0 profiter de l&rsquo;immense jardin, de la terrasse d&rsquo;\u00e9t\u00e9 et de la cuisine \u00e9quip\u00e9e qui en fait partie. Nous nous r\u00e9jouissons d\u00e9j\u00e0 des longues soir\u00e9es pass\u00e9es devant la maison, \u00e0 l&rsquo;abri du soleil et de la pluie !<a href=\"http:\/\/www.hansenpeter.nl\/wp-content\/uploads\/2025\/10\/20251002_114337-scaled.jpg\"><img decoding=\"async\" loading=\"lazy\" class=\"aligncenter size-full wp-image-1968\" src=\"http:\/\/www.hansenpeter.nl\/wp-content\/uploads\/2025\/10\/20251002_114337-scaled.jpg\" alt=\"\" width=\"1920\" height=\"2560\" srcset=\"https:\/\/www.hansenpeter.nl\/wp-content\/uploads\/2025\/10\/20251002_114337-scaled.jpg 1920w, https:\/\/www.hansenpeter.nl\/wp-content\/uploads\/2025\/10\/20251002_114337-225x300.jpg 225w, https:\/\/www.hansenpeter.nl\/wp-content\/uploads\/2025\/10\/20251002_114337-768x1024.jpg 768w, https:\/\/www.hansenpeter.nl\/wp-content\/uploads\/2025\/10\/20251002_114337-1152x1536.jpg 1152w, https:\/\/www.hansenpeter.nl\/wp-content\/uploads\/2025\/10\/20251002_114337-1536x2048.jpg 1536w, https:\/\/www.hansenpeter.nl\/wp-content\/uploads\/2025\/10\/20251002_114337-624x832.jpg 624w\" sizes=\"(max-width: 1920px) 100vw, 1920px\" \/><\/a><\/p>\n<p>Et comme nous ne sommes pas les seuls \u00e0 aimer ce village et cette r\u00e9gion, nous invitons tous nos amis et notre famille \u00e0 venir s\u00e9journer dans notre chambre d&rsquo;amis. La r\u00e9gion aux confins du Gard et de l&rsquo;Ard\u00eache a beaucoup \u00e0 offrir et nous nous ferons un plaisir de servir de guides et d&rsquo;interpr\u00e8tes&#8230;<\/p>","protected":false},"excerpt":{"rendered":"<p>Nous habitons \u00e0 Barjac (ou plut\u00f4t : juste \u00e0 c\u00f4t\u00e9 de Barjac) dans le d\u00e9partement du Gard (30) dans la r\u00e9gion Occitanie (qui est encore mieux connue sous son ancien nom de Languedoc-Roussillon). Les villes les plus proches sont N\u00eemes, Avignon, Mont\u00e9limar et Aubenas. Nous avons lou\u00e9 le g\u00eete que nous occupons pour une dur\u00e9e [&hellip;]<\/p>\n","protected":false},"author":3,"featured_media":0,"parent":0,"menu_order":0,"comment_status":"closed","ping_status":"closed","template":"","meta":{"_mc_calendar":[]},"_links":{"self":[{"href":"https:\/\/www.hansenpeter.nl\/fr\/wp-json\/wp\/v2\/pages\/1897"}],"collection":[{"href":"https:\/\/www.hansenpeter.nl\/fr\/wp-json\/wp\/v2\/pages"}],"about":[{"href":"https:\/\/www.hansenpeter.nl\/fr\/wp-json\/wp\/v2\/types\/page"}],"author":[{"embeddable":true,"href":"https:\/\/www.hansenpeter.nl\/fr\/wp-json\/wp\/v2\/users\/3"}],"replies":[{"embeddable":true,"href":"https:\/\/www.hansenpeter.nl\/fr\/wp-json\/wp\/v2\/comments?post=1897"}],"version-history":[{"count":23,"href":"https:\/\/www.hansenpeter.nl\/fr\/wp-json\/wp\/v2\/pages\/1897\/revisions"}],"predecessor-version":[{"id":1974,"href":"https:\/\/www.hansenpeter.nl\/fr\/wp-json\/wp\/v2\/pages\/1897\/revisions\/1974"}],"wp:attachment":[{"href":"https:\/\/www.hansenpeter.nl\/fr\/wp-json\/wp\/v2\/media?parent=1897"}],"curies":[{"name":"wp","href":"https:\/\/api.w.org\/{rel}","templated":true}]}}