{"id":1659,"date":"2020-03-21T19:15:59","date_gmt":"2020-03-21T19:15:59","guid":{"rendered":"http:\/\/www.hansenpeter.nl\/?page_id=1659"},"modified":"2020-03-21T19:15:59","modified_gmt":"2020-03-21T19:15:59","slug":"varen-in-frankrijk-3-2020","status":"publish","type":"page","link":"https:\/\/www.hansenpeter.nl\/fr\/varen-in-frankrijk-3-2020\/","title":{"rendered":"(Nederlands) Varen in Frankrijk 3 (2020)"},"content":{"rendered":"<p class=\"qtranxs-available-languages-message qtranxs-available-languages-message-fr\">D\u00e9sol\u00e9, cet article est seulement disponible en <a href=\"https:\/\/www.hansenpeter.nl\/nl\/wp-json\/wp\/v2\/pages\/1659\" class=\"qtranxs-available-language-link qtranxs-available-language-link-nl\" title=\"Nederlands\">N\u00e9erlandais<\/a>.<\/p>","protected":false},"excerpt":{"rendered":"<p>D\u00e9sol\u00e9, cet article est seulement disponible en N\u00e9erlandais.<\/p>\n","protected":false},"author":3,"featured_media":0,"parent":0,"menu_order":0,"comment_status":"closed","ping_status":"closed","template":"","meta":{"_mc_calendar":[]},"_links":{"self":[{"href":"https:\/\/www.hansenpeter.nl\/fr\/wp-json\/wp\/v2\/pages\/1659"}],"collection":[{"href":"https:\/\/www.hansenpeter.nl\/fr\/wp-json\/wp\/v2\/pages"}],"about":[{"href":"https:\/\/www.hansenpeter.nl\/fr\/wp-json\/wp\/v2\/types\/page"}],"author":[{"embeddable":true,"href":"https:\/\/www.hansenpeter.nl\/fr\/wp-json\/wp\/v2\/users\/3"}],"replies":[{"embeddable":true,"href":"https:\/\/www.hansenpeter.nl\/fr\/wp-json\/wp\/v2\/comments?post=1659"}],"version-history":[{"count":0,"href":"https:\/\/www.hansenpeter.nl\/fr\/wp-json\/wp\/v2\/pages\/1659\/revisions"}],"wp:attachment":[{"href":"https:\/\/www.hansenpeter.nl\/fr\/wp-json\/wp\/v2\/media?parent=1659"}],"curies":[{"name":"wp","href":"https:\/\/api.w.org\/{rel}","templated":true}]}}