{"id":21,"date":"2014-12-06T13:58:53","date_gmt":"2014-12-06T13:58:53","guid":{"rendered":"http:\/\/www.hansenpeter.nl\/?page_id=21"},"modified":"2023-09-14T14:04:13","modified_gmt":"2023-09-14T14:04:13","slug":"home","status":"publish","type":"page","link":"https:\/\/www.hansenpeter.nl\/en\/home\/","title":{"rendered":"The &#8220;domaine du bac&#8221;"},"content":{"rendered":"<p><\/p>\n<h4>Living in the French countryside&#8230;..<\/h4>\n<p align=\"JUSTIFY\">On the 28th of august 2007 we moved to the &#8220;<b>Domaine du Bac<\/b>&#8221; (French for &#8220;the ferryman&#8217;s house&#8221;) in <b>Ray-sur-Sa\u00f4ne<\/b>. Ray is in the departement Haute-Sa\u00f4ne (indicating it is in the upper reaches of the Sa\u00f4ne river) and in the region Burgundy-Franche-Comt\u00e9. This region is well known for its wines, cheeses and organic produce.<a href=\"http:\/\/www.hansenpeter.nl\/wp-content\/uploads\/2017\/04\/20150510_191855.jpg\" rel=\"attachment wp-att-1216\"><img decoding=\"async\" loading=\"lazy\" class=\"aligncenter size-thumbnail wp-image-1216\" src=\"http:\/\/www.hansenpeter.nl\/wp-content\/uploads\/2017\/04\/20150510_191855-150x150.jpg\" alt=\"20150510_191855\" width=\"150\" height=\"150\" \/><\/a><\/p>\n<p align=\"JUSTIFY\">The first part of the domaine we bought, &#8220;la <strong>Maison du Bac<\/strong>&#8220;, was built in 1840, as a ferry man&#8217;s house indeed, but totally restored in 1997. The house was enlarged and equipped with all modern comfort. The house measured 238 square meters and a large garden of 33 acres. In 2013 we bought the rest of the domaine, thus acquiring another 200 square meters of living space and 17 acres of garden. Since then, the entire <strong>&#8220;Domaine du Bac&#8221;<\/strong> has been our property.<\/p>\n<p align=\"JUSTIFY\"><a href=\"http:\/\/www.hansenpeter.nl\/wp-content\/uploads\/2014\/12\/245.jpg\" rel=\"attachment wp-att-57\"><img decoding=\"async\" loading=\"lazy\" class=\"aligncenter size-full wp-image-57\" src=\"http:\/\/www.hansenpeter.nl\/wp-content\/uploads\/2014\/12\/245.jpg\" alt=\"245\" width=\"2560\" height=\"1536\" \/><\/a><\/p>\n<p align=\"JUSTIFY\"><strong>Sold<\/strong><\/p>\n<p align=\"JUSTIFY\">In spite of the quiet and calm of the Domaine du Bac, we were ready for a change in 2022 and we decided to sell the property. A sales contract was signed on the 14th of October, and shortly after we found a comfortable appartment in de city of N\u00eemes.<a href=\"http:\/\/www.hansenpeter.nl\/wp-content\/uploads\/2022\/11\/Maison_Carree._Photo_Office_Tourisme_Nimes_O.Maynard-scaled.jpg\"><img decoding=\"async\" loading=\"lazy\" class=\"aligncenter size-full wp-image-1851\" src=\"http:\/\/www.hansenpeter.nl\/wp-content\/uploads\/2022\/11\/Maison_Carree._Photo_Office_Tourisme_Nimes_O.Maynard-scaled.jpg\" alt=\"\" width=\"2560\" height=\"1528\" srcset=\"https:\/\/www.hansenpeter.nl\/wp-content\/uploads\/2022\/11\/Maison_Carree._Photo_Office_Tourisme_Nimes_O.Maynard-scaled.jpg 2560w, https:\/\/www.hansenpeter.nl\/wp-content\/uploads\/2022\/11\/Maison_Carree._Photo_Office_Tourisme_Nimes_O.Maynard-300x179.jpg 300w, https:\/\/www.hansenpeter.nl\/wp-content\/uploads\/2022\/11\/Maison_Carree._Photo_Office_Tourisme_Nimes_O.Maynard-1024x611.jpg 1024w, https:\/\/www.hansenpeter.nl\/wp-content\/uploads\/2022\/11\/Maison_Carree._Photo_Office_Tourisme_Nimes_O.Maynard-768x458.jpg 768w, https:\/\/www.hansenpeter.nl\/wp-content\/uploads\/2022\/11\/Maison_Carree._Photo_Office_Tourisme_Nimes_O.Maynard-1536x917.jpg 1536w, https:\/\/www.hansenpeter.nl\/wp-content\/uploads\/2022\/11\/Maison_Carree._Photo_Office_Tourisme_Nimes_O.Maynard-2048x1223.jpg 2048w, https:\/\/www.hansenpeter.nl\/wp-content\/uploads\/2022\/11\/Maison_Carree._Photo_Office_Tourisme_Nimes_O.Maynard-624x373.jpg 624w\" sizes=\"(max-width: 2560px) 100vw, 2560px\" \/><\/a><\/p>\n<p align=\"JUSTIFY\"><strong>On the river&#8230;<\/strong><\/p>\n<p align=\"JUSTIFY\">The <b>Domaine du Bac<\/b> was built on a raised patch of ground in the flood plane of the <b>Sa\u00f4ne<\/b>, about 150 kilometers downstream of its source. The river was rather narrow and shallow there, but after heavy rains it could swell rapidly. Sometimes our access road was inundated, cutting us off from the outside world.<\/p>\n<p align=\"JUSTIFY\"><b>And the &#8216;locals&#8217;? \u2026<\/b><\/p>\n<p align=\"JUSTIFY\">The &#8220;Raylois&#8221;, the inhabitants of Ray-sur-Sa\u00f4ne, were friendly, rather liberal, used to strangers and foreigners and &#8211; as all countryside folk &#8211; terribly curious. From our very arrival we have been received hospitably with a lot of esteem and respect and we have made many friends locally since then. As everywhere, Ray had nicer and less nice people, and just as anywhere else one picked out the nice ones and let the rest be. As there was a lot of space available here, no need to bother one another.<\/p>\n<p align=\"JUSTIFY\">After having sold the Domaine-du-Bac, we have rented an apartment in the city of N\u00eemes. But the noise of the city &#8211; and the noise of our neighbours in the flat &#8211; began to bother us. So as of November 2023 we will move to a rental house in Barjac (Gard) to have the silence and the quiet back.<\/p>\n<p align=\"JUSTIFY\">Click <a href=\"https:\/\/photos.google.com\/share\/AF1QipNgMt1hSzGiQQekf_AQqN6L0zVLNjRjpzRWs_Qg4JMVm1qDLi4JTTCw3Q5juzb_oQ?key=cTFKYkhRQ0tVRjkzcHQtcHlKUGRyTTNlOGtDUGd3\">here<\/a> for a photo series of the <b><i>Domaine du Bac<\/i><\/b>. (It may take a minute to load!)<\/p>\n<p><\/p>","protected":false},"excerpt":{"rendered":"<p>Living in the French countryside&#8230;.. On the 28th of august 2007 we moved to the &#8220;Domaine du Bac&#8221; (French for &#8220;the ferryman&#8217;s house&#8221;) in Ray-sur-Sa\u00f4ne. Ray is in the departement Haute-Sa\u00f4ne (indicating it is in the upper reaches of the Sa\u00f4ne river) and in the region Burgundy-Franche-Comt\u00e9. This region is well known for its wines, [&hellip;]<\/p>\n","protected":false},"author":3,"featured_media":0,"parent":0,"menu_order":0,"comment_status":"closed","ping_status":"closed","template":"page-templates\/front-page.php","meta":{"_mc_calendar":[]},"_links":{"self":[{"href":"https:\/\/www.hansenpeter.nl\/en\/wp-json\/wp\/v2\/pages\/21"}],"collection":[{"href":"https:\/\/www.hansenpeter.nl\/en\/wp-json\/wp\/v2\/pages"}],"about":[{"href":"https:\/\/www.hansenpeter.nl\/en\/wp-json\/wp\/v2\/types\/page"}],"author":[{"embeddable":true,"href":"https:\/\/www.hansenpeter.nl\/en\/wp-json\/wp\/v2\/users\/3"}],"replies":[{"embeddable":true,"href":"https:\/\/www.hansenpeter.nl\/en\/wp-json\/wp\/v2\/comments?post=21"}],"version-history":[{"count":32,"href":"https:\/\/www.hansenpeter.nl\/en\/wp-json\/wp\/v2\/pages\/21\/revisions"}],"predecessor-version":[{"id":1891,"href":"https:\/\/www.hansenpeter.nl\/en\/wp-json\/wp\/v2\/pages\/21\/revisions\/1891"}],"wp:attachment":[{"href":"https:\/\/www.hansenpeter.nl\/en\/wp-json\/wp\/v2\/media?parent=21"}],"curies":[{"name":"wp","href":"https:\/\/api.w.org\/{rel}","templated":true}]}}